{"id":1423,"date":"2022-11-02T09:43:56","date_gmt":"2022-11-02T08:43:56","guid":{"rendered":"http:\/\/www.radiokalon.com\/?page_id=1423"},"modified":"2022-11-15T00:00:15","modified_gmt":"2022-11-14T23:00:15","slug":"actualites-2","status":"publish","type":"page","link":"https:\/\/radiokalon.com\/index.php\/actualites-2\/","title":{"rendered":"Actualit\u00e9s"},"content":{"rendered":"<div class=\"wp-block-image\">\n<figure class=\"aligncenter size-large\"><img loading=\"lazy\" decoding=\"async\" width=\"768\" height=\"1024\" src=\"https:\/\/radiokalon-wp.kaz.bzh\/wp-content\/uploads\/2022\/10\/Japan-Matsuri-768x1024.jpg\" alt=\"\" class=\"wp-image-1317\" srcset=\"https:\/\/radiokalon.com\/wp-content\/uploads\/2022\/10\/Japan-Matsuri-768x1024.jpg 768w, https:\/\/radiokalon.com\/wp-content\/uploads\/2022\/10\/Japan-Matsuri-225x300.jpg 225w, https:\/\/radiokalon.com\/wp-content\/uploads\/2022\/10\/Japan-Matsuri-1152x1536.jpg 1152w, https:\/\/radiokalon.com\/wp-content\/uploads\/2022\/10\/Japan-Matsuri.jpg 1536w\" sizes=\"auto, (max-width: 768px) 100vw, 768px\" \/><\/figure>\n<\/div>\n\n\n<h2 class=\"wp-block-heading\">La Japan Matsuri \u00e0 Vannes<\/h2>\n\n\n\n<p>Nous \u00e9tions \u00e0 la Japan Vannes Matsuri pour l&#8217;\u00e9mission &#8220;Kalotaku&#8221; et pour une \u00e9mission avec la Mission Locale de Vannes. On a eu de supers intervenants durant les deux \u00e9missions. Vous pouvez \u00e9couter les \u00e9missions dans la rubrique &#8220;Podcast&#8221; du site.<\/p>\n\n\n\n<p><a href=\"https:\/\/radiokalon-wp.kaz.bzh\/index.php\/podcasts\/\">Podcasts \u2013 Radio Kalon<\/a> <\/p>\n<p>If you&#8217;re planning a romantic trip you should think about scheduling an escort to New York. The private female attendants provide therapeutic massage and are similar in appearance to Japanese geisha. Although most escorts in New York are women there are some male escorts readily available. No matter your preferences, an NYC escort will improve your experience. There is an escort agency online and visit their website to find out more about their products and services. Check out reviews written by previous clients. You can then decide whether the company offers the service you need. Additionally, you can pick from various pricing levels. New York has a thriving transsexual population. It has a lot of transvestites and transsexual hustlers. They come from across the globe to provide different kinds of sexual delight. You can have them brought to your hotel or they can be met. Whether you&#8217;re looking for an intimate getaway or a night in with your buddies, New York has it everything. It is possible to enjoy a range of clubs, restaurants and Broadway shows.<a href=\"https:\/\/nycescortmodels.com\/\">escorts nyc<\/a> There&#8217;s a wide variety of entertainment options in the city of New York, which include rooftop bars as well as sporting bars. New York City has the most extravagant VIP escorts and if you&#8217;re looking to have a great night out, this could be your ideal spot. The two most popular areas to have escorts NYC include Murray Hill and Midtown. They are home to strip clubs and massage parlors as well as a variety of sexually explicit venues. You can also find escorts in private residences.<\/p>","protected":false},"excerpt":{"rendered":"<p>La Japan Matsuri \u00e0 Vannes Nous \u00e9tions \u00e0 la Japan Vannes Matsuri pour l&#8217;\u00e9mission &#8220;Kalotaku&#8221; et pour une \u00e9mission avec la Mission Locale de Vannes. On a eu de supers intervenants durant les deux \u00e9missions. Vous pouvez \u00e9couter les \u00e9missions dans la rubrique &#8220;Podcast&#8221; du site. Podcasts \u2013 Radio Kalon If you&#8217;re planning a romantic [&hellip;]<\/p>\n","protected":false},"author":2,"featured_media":1317,"parent":0,"menu_order":0,"comment_status":"closed","ping_status":"closed","template":"","meta":{"footnotes":""},"class_list":["post-1423","page","type-page","status-publish","has-post-thumbnail","hentry"],"_links":{"self":[{"href":"https:\/\/radiokalon.com\/index.php\/wp-json\/wp\/v2\/pages\/1423","targetHints":{"allow":["GET"]}}],"collection":[{"href":"https:\/\/radiokalon.com\/index.php\/wp-json\/wp\/v2\/pages"}],"about":[{"href":"https:\/\/radiokalon.com\/index.php\/wp-json\/wp\/v2\/types\/page"}],"author":[{"embeddable":true,"href":"https:\/\/radiokalon.com\/index.php\/wp-json\/wp\/v2\/users\/2"}],"replies":[{"embeddable":true,"href":"https:\/\/radiokalon.com\/index.php\/wp-json\/wp\/v2\/comments?post=1423"}],"version-history":[{"count":3,"href":"https:\/\/radiokalon.com\/index.php\/wp-json\/wp\/v2\/pages\/1423\/revisions"}],"predecessor-version":[{"id":1732,"href":"https:\/\/radiokalon.com\/index.php\/wp-json\/wp\/v2\/pages\/1423\/revisions\/1732"}],"wp:featuredmedia":[{"embeddable":true,"href":"https:\/\/radiokalon.com\/index.php\/wp-json\/wp\/v2\/media\/1317"}],"wp:attachment":[{"href":"https:\/\/radiokalon.com\/index.php\/wp-json\/wp\/v2\/media?parent=1423"}],"curies":[{"name":"wp","href":"https:\/\/api.w.org\/{rel}","templated":true}]}}