{"id":28,"date":"2020-05-05T16:09:14","date_gmt":"2020-05-05T14:09:14","guid":{"rendered":"http:\/\/www.radiokalon.fr\/?page_id=28"},"modified":"2021-11-11T21:55:51","modified_gmt":"2021-11-11T20:55:51","slug":"emissions","status":"publish","type":"page","link":"https:\/\/radiokalon.com\/index.php\/emissions\/","title":{"rendered":"Emissions"},"content":{"rendered":"\n<div class=\"wp-block-media-text alignwide is-stacked-on-mobile\"><figure class=\"wp-block-media-text__media\"><img loading=\"lazy\" decoding=\"async\" width=\"983\" height=\"1024\" src=\"https:\/\/radiokalon-wp.kaz.bzh\/wp-content\/uploads\/2021\/11\/Image-8-e1636536147804-983x1024.jpeg\" alt=\"\" class=\"wp-image-780 size-full\"\/><\/figure><div class=\"wp-block-media-text__content\">\n<p><strong>Titre&nbsp;:<\/strong> La mission locale Pays d\u2019Auray (56)<\/p>\n\n\n\n<p><strong>P\u00e9riodicit\u00e9&nbsp;: <\/strong>Hebdo tous les&nbsp;vendredi<\/p>\n\n\n\n<p><strong>Horaire&nbsp;:&nbsp; <\/strong>18h-19h<\/p>\n\n\n\n<p><\/p>\n\n\n\n<p><\/p>\n<\/div><\/div>\n\n\n\n<div class=\"wp-block-media-text alignwide has-media-on-the-right is-stacked-on-mobile\"><figure class=\"wp-block-media-text__media\"><img loading=\"lazy\" decoding=\"async\" width=\"1024\" height=\"576\" src=\"https:\/\/radiokalon-wp.kaz.bzh\/wp-content\/uploads\/2021\/11\/Photo-Maison-de-lArgoat-1024x576.jpg\" alt=\"\" class=\"wp-image-801 size-full\" srcset=\"https:\/\/radiokalon.com\/wp-content\/uploads\/2021\/11\/Photo-Maison-de-lArgoat-1024x576.jpg 1024w, https:\/\/radiokalon.com\/wp-content\/uploads\/2021\/11\/Photo-Maison-de-lArgoat-300x169.jpg 300w, https:\/\/radiokalon.com\/wp-content\/uploads\/2021\/11\/Photo-Maison-de-lArgoat-768x432.jpg 768w, https:\/\/radiokalon.com\/wp-content\/uploads\/2021\/11\/Photo-Maison-de-lArgoat-1536x864.jpg 1536w, https:\/\/radiokalon.com\/wp-content\/uploads\/2021\/11\/Photo-Maison-de-lArgoat-2048x1152.jpg 2048w, https:\/\/radiokalon.com\/wp-content\/uploads\/2021\/11\/Photo-Maison-de-lArgoat-533x300.jpg 533w\" sizes=\"auto, (max-width: 1024px) 100vw, 1024px\" \/><\/figure><div class=\"wp-block-media-text__content\">\n<p><strong>Titre&nbsp;:<\/strong> La maison de l\u2019Argoat Guingamp (\u00ab&nbsp;A la belle \u00e9toile&nbsp;\u00bb) (22)<\/p>\n\n\n\n<p><strong>P\u00e9riodicit\u00e9&nbsp;: <\/strong>Hebdo tous les jeudi<\/p>\n\n\n\n<p><strong>Horaire&nbsp;:<\/strong>&nbsp; 17h-18h<\/p>\n\n\n\n<p><\/p>\n<\/div><\/div>\n\n\n\n<div class=\"wp-block-media-text alignwide is-stacked-on-mobile\"><figure class=\"wp-block-media-text__media\"><img decoding=\"async\" src=\"https:\/\/radiokalon-wp.kaz.bzh\/wp-content\/uploads\/2021\/11\/image1.jpeg\" alt=\"\" class=\"wp-image-792 size-full\"\/><\/figure><div class=\"wp-block-media-text__content\">\n<p><strong>Titre&nbsp;:<\/strong> Communaut\u00e9 Emmaus de R\u00e9d\u00e9n\u00e9 (29)<\/p>\n\n\n\n<p><strong>P\u00e9riodicit\u00e9&nbsp;: <\/strong>Hebdo tous les lundi (en alternance avec EPIDE 22)<\/p>\n\n\n\n<p><strong>Horaire&nbsp;:<\/strong>&nbsp; 18h-19h<\/p>\n<\/div><\/div>\n\n\n\n<div class=\"wp-block-media-text alignwide has-media-on-the-right is-stacked-on-mobile\"><figure class=\"wp-block-media-text__media\"><img loading=\"lazy\" decoding=\"async\" width=\"800\" height=\"477\" src=\"https:\/\/radiokalon-wp.kaz.bzh\/wp-content\/uploads\/2020\/06\/Equipe-EMMAUS-Vannes.jpg\" alt=\"\" class=\"wp-image-127 size-full\" srcset=\"https:\/\/radiokalon.com\/wp-content\/uploads\/2020\/06\/Equipe-EMMAUS-Vannes.jpg 800w, https:\/\/radiokalon.com\/wp-content\/uploads\/2020\/06\/Equipe-EMMAUS-Vannes-300x179.jpg 300w, https:\/\/radiokalon.com\/wp-content\/uploads\/2020\/06\/Equipe-EMMAUS-Vannes-768x458.jpg 768w, https:\/\/radiokalon.com\/wp-content\/uploads\/2020\/06\/Equipe-EMMAUS-Vannes-503x300.jpg 503w\" sizes=\"auto, (max-width: 800px) 100vw, 800px\" \/><\/figure><div class=\"wp-block-media-text__content\">\n<p><strong>Titre&nbsp;:<\/strong> Communaut\u00e9 Emmaus Vannes (Bourmehiec) (56)<\/p>\n\n\n\n<p><strong>P\u00e9riodicit\u00e9&nbsp;:<\/strong> Hebdo tous les jeudi<\/p>\n\n\n\n<p><strong>Horaire&nbsp;: <\/strong>18h-19h<\/p>\n<\/div><\/div>\n\n\n\n<div class=\"wp-block-media-text alignwide is-stacked-on-mobile\"><figure class=\"wp-block-media-text__media\"><img decoding=\"async\" src=\"https:\/\/radiokalon-wp.kaz.bzh\/wp-content\/uploads\/2021\/11\/IMG_20210412_144705-1024x769.jpg\" alt=\"\" class=\"wp-image-763 size-full\"\/><\/figure><div class=\"wp-block-media-text__content\">\n<p><strong>Titre&nbsp;:<\/strong> Domicile Group\u00e9 Accompagn\u00e9 Saint Av\u00e9 (56)<\/p>\n\n\n\n<p><strong>P\u00e9riodicit\u00e9&nbsp;:<\/strong> Hebdo tous les mardi<\/p>\n\n\n\n<p><strong>Horaire&nbsp;: <\/strong>18h-19h<\/p>\n<\/div><\/div>\n\n\n\n<div class=\"wp-block-media-text alignwide has-media-on-the-right is-stacked-on-mobile\"><figure class=\"wp-block-media-text__media\"><img loading=\"lazy\" decoding=\"async\" width=\"1024\" height=\"576\" src=\"https:\/\/radiokalon-wp.kaz.bzh\/wp-content\/uploads\/2020\/06\/Equipe-EPIDE-22-1024x576.jpg\" alt=\"\" class=\"wp-image-130 size-full\" srcset=\"https:\/\/radiokalon.com\/wp-content\/uploads\/2020\/06\/Equipe-EPIDE-22-1024x576.jpg 1024w, https:\/\/radiokalon.com\/wp-content\/uploads\/2020\/06\/Equipe-EPIDE-22-300x169.jpg 300w, https:\/\/radiokalon.com\/wp-content\/uploads\/2020\/06\/Equipe-EPIDE-22-768x432.jpg 768w, https:\/\/radiokalon.com\/wp-content\/uploads\/2020\/06\/Equipe-EPIDE-22-1536x864.jpg 1536w, https:\/\/radiokalon.com\/wp-content\/uploads\/2020\/06\/Equipe-EPIDE-22-2048x1152.jpg 2048w, https:\/\/radiokalon.com\/wp-content\/uploads\/2020\/06\/Equipe-EPIDE-22-533x300.jpg 533w\" sizes=\"auto, (max-width: 1024px) 100vw, 1024px\" \/><\/figure><div class=\"wp-block-media-text__content\">\n<p><strong>Titre&nbsp;: <\/strong>EPIDE 22 Lanrodec (22)&nbsp;<\/p>\n\n\n\n<p><strong>P\u00e9riodicit\u00e9&nbsp;: <\/strong>Hebdo tous les lundi (en alternance avec EMMAUS R\u00e9d\u00e9n\u00e9)<\/p>\n\n\n\n<p><strong>Horaire&nbsp;: <\/strong>&nbsp;18h-19h<\/p>\n<\/div><\/div>\n\n\n\n<div class=\"wp-block-media-text alignwide is-stacked-on-mobile\"><figure class=\"wp-block-media-text__media\"><img loading=\"lazy\" decoding=\"async\" width=\"1024\" height=\"577\" src=\"https:\/\/radiokalon-wp.kaz.bzh\/wp-content\/uploads\/2021\/11\/248401828_424410739204809_6817173432198498128_n-e1636536741121-1024x577.jpg\" alt=\"\" class=\"wp-image-759 size-full\" srcset=\"https:\/\/radiokalon.com\/wp-content\/uploads\/2021\/11\/248401828_424410739204809_6817173432198498128_n-e1636536741121-1024x577.jpg 1024w, https:\/\/radiokalon.com\/wp-content\/uploads\/2021\/11\/248401828_424410739204809_6817173432198498128_n-e1636536741121-300x169.jpg 300w, https:\/\/radiokalon.com\/wp-content\/uploads\/2021\/11\/248401828_424410739204809_6817173432198498128_n-e1636536741121-768x433.jpg 768w, https:\/\/radiokalon.com\/wp-content\/uploads\/2021\/11\/248401828_424410739204809_6817173432198498128_n-e1636536741121-533x300.jpg 533w, https:\/\/radiokalon.com\/wp-content\/uploads\/2021\/11\/248401828_424410739204809_6817173432198498128_n-e1636536741121.jpg 1488w\" sizes=\"auto, (max-width: 1024px) 100vw, 1024px\" \/><\/figure><div class=\"wp-block-media-text__content\">\n<p><strong>Titre&nbsp;:<\/strong> Foyer Kerdonis Vannes (56)<\/p>\n\n\n\n<p><strong>P\u00e9riodicit\u00e9&nbsp;: <\/strong>Hebdo tous les mercredi<\/p>\n\n\n\n<p><strong>Horaire&nbsp;: <\/strong>18h-19h<\/p>\n<\/div><\/div>\n\n\n\n<div class=\"wp-block-media-text alignwide has-media-on-the-right is-stacked-on-mobile\"><figure class=\"wp-block-media-text__media\"><img loading=\"lazy\" decoding=\"async\" width=\"1024\" height=\"683\" src=\"https:\/\/radiokalon-wp.kaz.bzh\/wp-content\/uploads\/2021\/11\/DSC06755-1024x683.jpg\" alt=\"\" class=\"wp-image-762 size-full\" srcset=\"https:\/\/radiokalon.com\/wp-content\/uploads\/2021\/11\/DSC06755-1024x683.jpg 1024w, https:\/\/radiokalon.com\/wp-content\/uploads\/2021\/11\/DSC06755-300x200.jpg 300w, https:\/\/radiokalon.com\/wp-content\/uploads\/2021\/11\/DSC06755-768x512.jpg 768w, https:\/\/radiokalon.com\/wp-content\/uploads\/2021\/11\/DSC06755-1536x1024.jpg 1536w, https:\/\/radiokalon.com\/wp-content\/uploads\/2021\/11\/DSC06755-2048x1365.jpg 2048w, https:\/\/radiokalon.com\/wp-content\/uploads\/2021\/11\/DSC06755-450x300.jpg 450w\" sizes=\"auto, (max-width: 1024px) 100vw, 1024px\" \/><\/figure><div class=\"wp-block-media-text__content\">\n<p><strong>Titre&nbsp;:<\/strong> Les Cuisiniers Solidaires&nbsp;Vannes (\u00ab&nbsp;Les Pieds sous la Table&nbsp;\u00bb) (56)<\/p>\n\n\n\n<p><strong>P\u00e9riodicit\u00e9&nbsp;:<\/strong> Hebdo tous les vendredi<\/p>\n\n\n\n<p><strong>Horaire&nbsp;: <\/strong>17h-18h<\/p>\n<\/div><\/div>\n\n\n\n<div class=\"wp-block-media-text alignwide is-stacked-on-mobile\"><figure class=\"wp-block-media-text__media\"><img decoding=\"async\" src=\"https:\/\/radiokalon-wp.kaz.bzh\/wp-content\/uploads\/2021\/11\/Les-Capes-1024x597.jpg\" alt=\"\" class=\"wp-image-793 size-full\"\/><\/figure><div class=\"wp-block-media-text__content\">\n<p><strong>Titre&nbsp;: <\/strong>CKIA-Les Cap\u00e9s Qu\u00e9bec (CANADA)<\/p>\n\n\n\n<p><strong>P\u00e9riodicit\u00e9&nbsp;:<\/strong> Hebdo tous les vendredi<\/p>\n\n\n\n<p><strong>Horaire&nbsp;: <\/strong>19h-20h<\/p>\n<\/div><\/div>\n\n\n\n<div class=\"wp-block-media-text alignwide has-media-on-the-right is-stacked-on-mobile\"><figure class=\"wp-block-media-text__media\"><img loading=\"lazy\" decoding=\"async\" width=\"581\" height=\"482\" src=\"https:\/\/radiokalon-wp.kaz.bzh\/wp-content\/uploads\/2021\/11\/La-croix-blanche-ckia-e1636539708419.png\" alt=\"\" class=\"wp-image-803 size-full\" srcset=\"https:\/\/radiokalon.com\/wp-content\/uploads\/2021\/11\/La-croix-blanche-ckia-e1636539708419.png 581w, https:\/\/radiokalon.com\/wp-content\/uploads\/2021\/11\/La-croix-blanche-ckia-e1636539708419-300x249.png 300w, https:\/\/radiokalon.com\/wp-content\/uploads\/2021\/11\/La-croix-blanche-ckia-e1636539708419-362x300.png 362w\" sizes=\"auto, (max-width: 581px) 100vw, 581px\" \/><\/figure><div class=\"wp-block-media-text__content\">\n<p><strong>Titre&nbsp;:<\/strong> CKIA-Centre Social La Croix Blanche Qu\u00e9bec (CANADA)<\/p>\n\n\n\n<p><strong>P\u00e9riodicit\u00e9&nbsp;: <\/strong>Hebdo tous les lundi<\/p>\n\n\n\n<p><strong>Horaire&nbsp;: <\/strong>19h-20h<\/p>\n<\/div><\/div>\n\n\n\n<div class=\"wp-block-media-text alignwide is-stacked-on-mobile\"><figure class=\"wp-block-media-text__media\"><img loading=\"lazy\" decoding=\"async\" width=\"269\" height=\"269\" src=\"https:\/\/radiokalon-wp.kaz.bzh\/wp-content\/uploads\/2021\/11\/Screenshot-2021-11-10-at-11-35-39-Sapristi-.png\" alt=\"\" class=\"wp-image-819 size-full\" srcset=\"https:\/\/radiokalon.com\/wp-content\/uploads\/2021\/11\/Screenshot-2021-11-10-at-11-35-39-Sapristi-.png 269w, https:\/\/radiokalon.com\/wp-content\/uploads\/2021\/11\/Screenshot-2021-11-10-at-11-35-39-Sapristi--150x150.png 150w, https:\/\/radiokalon.com\/wp-content\/uploads\/2021\/11\/Screenshot-2021-11-10-at-11-35-39-Sapristi--60x60.png 60w\" sizes=\"auto, (max-width: 269px) 100vw, 269px\" \/><\/figure><div class=\"wp-block-media-text__content\">\n<p><strong>Titre&nbsp;:<\/strong> Sapristi (56)<\/p>\n\n\n\n<p><strong>P\u00e9riodicit\u00e9&nbsp;:<\/strong> Hebdo tous les mercredi<\/p>\n\n\n\n<p><strong>Horaire&nbsp;:&nbsp; <\/strong>19h-20h<\/p>\n<\/div><\/div>\n\n\n\n<div class=\"wp-block-media-text alignwide has-media-on-the-right is-stacked-on-mobile\"><figure class=\"wp-block-media-text__media\"><img loading=\"lazy\" decoding=\"async\" width=\"340\" height=\"194\" src=\"https:\/\/radiokalon-wp.kaz.bzh\/wp-content\/uploads\/2021\/11\/Resized_20211110_0821061-e1636547619273.jpg\" alt=\"\" class=\"wp-image-831 size-full\" srcset=\"https:\/\/radiokalon.com\/wp-content\/uploads\/2021\/11\/Resized_20211110_0821061-e1636547619273.jpg 340w, https:\/\/radiokalon.com\/wp-content\/uploads\/2021\/11\/Resized_20211110_0821061-e1636547619273-300x171.jpg 300w\" sizes=\"auto, (max-width: 340px) 100vw, 340px\" \/><\/figure><div class=\"wp-block-media-text__content\">\n<p><strong>Titre&nbsp;:<\/strong> La Vadrouille \u00e0 Lulu par Lucile (56)&nbsp;<\/p>\n\n\n\n<p><strong>P\u00e9riodicit\u00e9&nbsp;:<\/strong> Hebdo tous les mardi<\/p>\n\n\n\n<p><strong>Horaire&nbsp;: <\/strong>17h-18h<\/p>\n<\/div><\/div>\n\n\n\n<div class=\"wp-block-media-text alignwide is-stacked-on-mobile\"><figure class=\"wp-block-media-text__media\"><img loading=\"lazy\" decoding=\"async\" width=\"683\" height=\"1024\" src=\"https:\/\/radiokalon-wp.kaz.bzh\/wp-content\/uploads\/2021\/11\/GrosseEntubeBuech-683x1024.jpg\" alt=\"\" class=\"wp-image-794 size-full\"\/><\/figure><div class=\"wp-block-media-text__content\">\n<p><strong>Titre\u00a0: <\/strong>L&#8217;Actu des Oubli\u00e9s\/Chile Desperto<\/p>\n\n\n\n<p><strong>P\u00e9riodicit\u00e9\u00a0:<\/strong> Hebdo tous les mardi et jeudi<\/p>\n\n\n\n<p><strong>Horaire&nbsp;: <\/strong>19h-20h<\/p>\n<\/div><\/div>\n\n\n\n<div class=\"wp-block-media-text alignwide has-media-on-the-right is-stacked-on-mobile\"><figure class=\"wp-block-media-text__media\"><img loading=\"lazy\" decoding=\"async\" width=\"1024\" height=\"577\" src=\"https:\/\/radiokalon-wp.kaz.bzh\/wp-content\/uploads\/2021\/11\/Karine-en-stage-a-la-radio-scaled-e1636538211359-1024x577.jpg\" alt=\"\" class=\"wp-image-764 size-full\" srcset=\"https:\/\/radiokalon.com\/wp-content\/uploads\/2021\/11\/Karine-en-stage-a-la-radio-scaled-e1636538211359-1024x577.jpg 1024w, https:\/\/radiokalon.com\/wp-content\/uploads\/2021\/11\/Karine-en-stage-a-la-radio-scaled-e1636538211359-300x169.jpg 300w, https:\/\/radiokalon.com\/wp-content\/uploads\/2021\/11\/Karine-en-stage-a-la-radio-scaled-e1636538211359-768x432.jpg 768w, https:\/\/radiokalon.com\/wp-content\/uploads\/2021\/11\/Karine-en-stage-a-la-radio-scaled-e1636538211359-1536x865.jpg 1536w, https:\/\/radiokalon.com\/wp-content\/uploads\/2021\/11\/Karine-en-stage-a-la-radio-scaled-e1636538211359-533x300.jpg 533w, https:\/\/radiokalon.com\/wp-content\/uploads\/2021\/11\/Karine-en-stage-a-la-radio-scaled-e1636538211359.jpg 1920w\" sizes=\"auto, (max-width: 1024px) 100vw, 1024px\" \/><\/figure><div class=\"wp-block-media-text__content\">\n<p><strong>Titre&nbsp;:<\/strong> Tranches de Vie par Karine (56)&nbsp;<\/p>\n\n\n\n<p><strong>P\u00e9riodicit\u00e9&nbsp;:<\/strong> Hebdo tous les mercredi<\/p>\n\n\n\n<p><strong>Horaire&nbsp;:<\/strong> 17h-18h<\/p>\n<\/div><\/div>\n\n\n\n<div class=\"wp-block-media-text alignwide is-stacked-on-mobile\"><figure class=\"wp-block-media-text__media\"><img loading=\"lazy\" decoding=\"async\" width=\"1024\" height=\"635\" src=\"https:\/\/radiokalon-wp.kaz.bzh\/wp-content\/uploads\/2021\/11\/248362154_423764782602738_7673206622199296231_n-e1636538509450-1024x635.jpg\" alt=\"\" class=\"wp-image-779 size-full\" srcset=\"https:\/\/radiokalon.com\/wp-content\/uploads\/2021\/11\/248362154_423764782602738_7673206622199296231_n-e1636538509450-1024x635.jpg 1024w, https:\/\/radiokalon.com\/wp-content\/uploads\/2021\/11\/248362154_423764782602738_7673206622199296231_n-e1636538509450-300x186.jpg 300w, https:\/\/radiokalon.com\/wp-content\/uploads\/2021\/11\/248362154_423764782602738_7673206622199296231_n-e1636538509450-768x476.jpg 768w, https:\/\/radiokalon.com\/wp-content\/uploads\/2021\/11\/248362154_423764782602738_7673206622199296231_n-e1636538509450-484x300.jpg 484w, https:\/\/radiokalon.com\/wp-content\/uploads\/2021\/11\/248362154_423764782602738_7673206622199296231_n-e1636538509450.jpg 1135w\" sizes=\"auto, (max-width: 1024px) 100vw, 1024px\" \/><\/figure><div class=\"wp-block-media-text__content\">\n<p><strong>Titre&nbsp;:<\/strong> Punkys par Laurye (56)&nbsp;<\/p>\n\n\n\n<p><strong>P\u00e9riodicit\u00e9&nbsp;:<\/strong> Hebdo tous les lundi<\/p>\n\n\n\n<p><strong>Horaire&nbsp;: <\/strong>17h-18h<\/p>\n<\/div><\/div>\n","protected":false},"excerpt":{"rendered":"<p>Titre&nbsp;: La mission locale Pays d\u2019Auray (56) P\u00e9riodicit\u00e9&nbsp;: Hebdo tous les&nbsp;vendredi Horaire&nbsp;:&nbsp; 18h-19h Titre&nbsp;: La maison de l\u2019Argoat Guingamp (\u00ab&nbsp;A la belle \u00e9toile&nbsp;\u00bb) (22) P\u00e9riodicit\u00e9&nbsp;: Hebdo tous les jeudi Horaire&nbsp;:&nbsp; 17h-18h Titre&nbsp;: Communaut\u00e9 Emmaus de R\u00e9d\u00e9n\u00e9 (29) P\u00e9riodicit\u00e9&nbsp;: Hebdo tous les lundi (en alternance avec EPIDE 22) Horaire&nbsp;:&nbsp; 18h-19h Titre&nbsp;: Communaut\u00e9 Emmaus Vannes (Bourmehiec) (56) [&hellip;]<\/p>\n","protected":false},"author":1,"featured_media":0,"parent":0,"menu_order":0,"comment_status":"closed","ping_status":"closed","template":"","meta":{"footnotes":""},"class_list":["post-28","page","type-page","status-publish","hentry"],"_links":{"self":[{"href":"https:\/\/radiokalon.com\/index.php\/wp-json\/wp\/v2\/pages\/28","targetHints":{"allow":["GET"]}}],"collection":[{"href":"https:\/\/radiokalon.com\/index.php\/wp-json\/wp\/v2\/pages"}],"about":[{"href":"https:\/\/radiokalon.com\/index.php\/wp-json\/wp\/v2\/types\/page"}],"author":[{"embeddable":true,"href":"https:\/\/radiokalon.com\/index.php\/wp-json\/wp\/v2\/users\/1"}],"replies":[{"embeddable":true,"href":"https:\/\/radiokalon.com\/index.php\/wp-json\/wp\/v2\/comments?post=28"}],"version-history":[{"count":17,"href":"https:\/\/radiokalon.com\/index.php\/wp-json\/wp\/v2\/pages\/28\/revisions"}],"predecessor-version":[{"id":976,"href":"https:\/\/radiokalon.com\/index.php\/wp-json\/wp\/v2\/pages\/28\/revisions\/976"}],"wp:attachment":[{"href":"https:\/\/radiokalon.com\/index.php\/wp-json\/wp\/v2\/media?parent=28"}],"curies":[{"name":"wp","href":"https:\/\/api.w.org\/{rel}","templated":true}]}}