{"id":8,"date":"2020-05-05T15:50:38","date_gmt":"2020-05-05T13:50:38","guid":{"rendered":"http:\/\/www.radiokalon.fr\/?page_id=8"},"modified":"2025-04-05T09:03:11","modified_gmt":"2025-04-05T07:03:11","slug":"accueil","status":"publish","type":"page","link":"https:\/\/radiokalon.com\/","title":{"rendered":"Accueil"},"content":{"rendered":"\t\t<div class=\"wppsac-wrap wppsac-slick-slider-wrp wppsac-clearfix \" data-conf=\"{&quot;dots&quot;:&quot;true&quot;,&quot;arrows&quot;:&quot;true&quot;,&quot;autoplay&quot;:&quot;true&quot;,&quot;autoplay_interval&quot;:3000,&quot;speed&quot;:500,&quot;rtl&quot;:&quot;false&quot;,&quot;lazyload&quot;:&quot;&quot;}\">\r\n\t\t\t<div id=\"wppsac-post-slider-1\" class=\"wppsac-post-slider-init wppsac-post-slider design-3\">\r\n\t\t\t\t<div class=\"wppsac-post-slides\">\r\n\t<div class=\"wppsac-post-overlay\">\r\n\t\t<div class=\"wppsac-post-image-bg\">\r\n\t\t\t<a href=\"https:\/\/radiokalon.com\/index.php\/2026\/05\/07\/lemploi-au-coeur-de-menimur-et-kervenanec\/\">\r\n\t\t\t\t\t\t\t\t<img decoding=\"async\" class=\"wppsac-post-image\"  src=\"https:\/\/radiokalon.com\/wp-content\/uploads\/2026\/05\/4-2.jpg\" alt=\"L&#8217;emploi au Coeur de M\u00e9nimur et Kervenanec !\" \/>\r\n\t\t\t\t\t\t\t<\/a>\r\n\t\t<\/div>\r\n\r\n\t\t\t\t<div class=\"wppsac-post-categories\"><ul class=\"wppsac-post-categories-list\"><li><a href=\"https:\/\/radiokalon.com\/index.php\/category\/non-classe-fr\/\">Non class\u00e9<\/a><\/li><\/ul><\/div>\r\n\t\t\r\n\t\t<div class=\"wppsac-post-short-content\">\r\n\t\t\t<div class=\"wppsac-item-meta bottom\">\r\n\t\t\t  \t<h2 class=\"wppsac-post-title\">\r\n\t\t\t\t\t<a href=\"https:\/\/radiokalon.com\/index.php\/2026\/05\/07\/lemploi-au-coeur-de-menimur-et-kervenanec\/\">L&#8217;emploi au Coeur de M\u00e9nimur et Kervenanec !<\/a>\r\n\t\t\t\t<\/h2>\r\n\r\n\t\t\t\t\t\t\t\t<div class=\"wppsac-post-date\">\r\n\t\t\t\t\t \r\n\t\t\t\t\t<span>By Antoine Joulli\u00e9<\/span>\r\n\t\t\t\t\t \/ 7 mai 2026\t\t\t\t<\/div>\r\n\t\t\t\t\t\t\t\t<div class=\"wppsac-post-content\">\r\n\t\t\t\t\t<div class=\"wppsac-sub-content\">Cette semaine, l'emploi est mis \u00e0 l'honneur dans les villes de Vannes et de Lorient ! -Dans le quartier de...<\/div>\r\n\r\n\t\t\t\t\t\t\t\t\t\t<a class=\"wppsac-readmorebtn\" href=\"https:\/\/radiokalon.com\/index.php\/2026\/05\/07\/lemploi-au-coeur-de-menimur-et-kervenanec\/\">Read More<\/a>\r\n\t\t\t\t\t\t\t\t\t<\/div>\r\n\t\t\t\t\t\t\t<\/div>\r\n\t\t<\/div>\r\n\t<\/div>\r\n<\/div><div class=\"wppsac-post-slides\">\r\n\t<div class=\"wppsac-post-overlay\">\r\n\t\t<div class=\"wppsac-post-image-bg\">\r\n\t\t\t<a href=\"https:\/\/radiokalon.com\/index.php\/2026\/05\/07\/le-festival-algues-au-rythme-en-pleine-lucarne\/\">\r\n\t\t\t\t\t\t\t\t<img decoding=\"async\" class=\"wppsac-post-image\"  src=\"https:\/\/radiokalon.com\/wp-content\/uploads\/2026\/05\/2.jpg\" alt=\"Le festival ALGUES au RYTHME en pleine lucarne!\" \/>\r\n\t\t\t\t\t\t\t<\/a>\r\n\t\t<\/div>\r\n\r\n\t\t\t\t<div class=\"wppsac-post-categories\"><ul class=\"wppsac-post-categories-list\"><li><a href=\"https:\/\/radiokalon.com\/index.php\/category\/non-classe-fr\/\">Non class\u00e9<\/a><\/li><\/ul><\/div>\r\n\t\t\r\n\t\t<div class=\"wppsac-post-short-content\">\r\n\t\t\t<div class=\"wppsac-item-meta bottom\">\r\n\t\t\t  \t<h2 class=\"wppsac-post-title\">\r\n\t\t\t\t\t<a href=\"https:\/\/radiokalon.com\/index.php\/2026\/05\/07\/le-festival-algues-au-rythme-en-pleine-lucarne\/\">Le festival ALGUES au RYTHME en pleine lucarne!<\/a>\r\n\t\t\t\t<\/h2>\r\n\r\n\t\t\t\t\t\t\t\t<div class=\"wppsac-post-date\">\r\n\t\t\t\t\t \r\n\t\t\t\t\t<span>By Antoine Joulli\u00e9<\/span>\r\n\t\t\t\t\t \/ 7 mai 2026\t\t\t\t<\/div>\r\n\t\t\t\t\t\t\t\t<div class=\"wppsac-post-content\">\r\n\t\t\t\t\t<div class=\"wppsac-sub-content\">Super moments au Festival Algues Au Rythme \u00e0 la Lucarne d'Arradon ! Avec les concerts de @combo soa @cutthealligator, Charlotte...<\/div>\r\n\r\n\t\t\t\t\t\t\t\t\t\t<a class=\"wppsac-readmorebtn\" href=\"https:\/\/radiokalon.com\/index.php\/2026\/05\/07\/le-festival-algues-au-rythme-en-pleine-lucarne\/\">Read More<\/a>\r\n\t\t\t\t\t\t\t\t\t<\/div>\r\n\t\t\t\t\t\t\t<\/div>\r\n\t\t<\/div>\r\n\t<\/div>\r\n<\/div><div class=\"wppsac-post-slides\">\r\n\t<div class=\"wppsac-post-overlay\">\r\n\t\t<div class=\"wppsac-post-image-bg\">\r\n\t\t\t<a href=\"https:\/\/radiokalon.com\/index.php\/2026\/05\/07\/la-journee-mondiale-de-lautisme-au-ti-hanok-a-auray\/\">\r\n\t\t\t\t\t\t\t\t<img decoding=\"async\" class=\"wppsac-post-image\"  src=\"https:\/\/radiokalon.com\/wp-content\/uploads\/2026\/05\/14-1.jpg\" alt=\"La journ\u00e9e mondiale de l&#8217;autisme au Ti Hanok \u00e0 Auray !\" \/>\r\n\t\t\t\t\t\t\t<\/a>\r\n\t\t<\/div>\r\n\r\n\t\t\t\t<div class=\"wppsac-post-categories\"><ul class=\"wppsac-post-categories-list\"><li><a href=\"https:\/\/radiokalon.com\/index.php\/category\/non-classe-fr\/\">Non class\u00e9<\/a><\/li><\/ul><\/div>\r\n\t\t\r\n\t\t<div class=\"wppsac-post-short-content\">\r\n\t\t\t<div class=\"wppsac-item-meta bottom\">\r\n\t\t\t  \t<h2 class=\"wppsac-post-title\">\r\n\t\t\t\t\t<a href=\"https:\/\/radiokalon.com\/index.php\/2026\/05\/07\/la-journee-mondiale-de-lautisme-au-ti-hanok-a-auray\/\">La journ\u00e9e mondiale de l&#8217;autisme au Ti Hanok \u00e0 Auray !<\/a>\r\n\t\t\t\t<\/h2>\r\n\r\n\t\t\t\t\t\t\t\t<div class=\"wppsac-post-date\">\r\n\t\t\t\t\t \r\n\t\t\t\t\t<span>By Antoine Joulli\u00e9<\/span>\r\n\t\t\t\t\t \/ 7 mai 2026\t\t\t\t<\/div>\r\n\t\t\t\t\t\t\t\t<div class=\"wppsac-post-content\">\r\n\t\t\t\t\t<div class=\"wppsac-sub-content\">La Journ\u00e9e mondiale de sensibilisation \u00e0 l'autisme \u00e0 Auray ! Au cin\u00e9ma Cin\u00e9ma Ti Hanok \u00e0 Auray \u00e9taient pr\u00e9sents des...<\/div>\r\n\r\n\t\t\t\t\t\t\t\t\t\t<a class=\"wppsac-readmorebtn\" href=\"https:\/\/radiokalon.com\/index.php\/2026\/05\/07\/la-journee-mondiale-de-lautisme-au-ti-hanok-a-auray\/\">Read More<\/a>\r\n\t\t\t\t\t\t\t\t\t<\/div>\r\n\t\t\t\t\t\t\t<\/div>\r\n\t\t<\/div>\r\n\t<\/div>\r\n<\/div><div class=\"wppsac-post-slides\">\r\n\t<div class=\"wppsac-post-overlay\">\r\n\t\t<div class=\"wppsac-post-image-bg\">\r\n\t\t\t<a href=\"https:\/\/radiokalon.com\/index.php\/2026\/05\/07\/respirons-au-salon-du-bien-etre-de-rennes\/\">\r\n\t\t\t\t\t\t\t\t<img decoding=\"async\" class=\"wppsac-post-image\"  src=\"https:\/\/radiokalon.com\/wp-content\/uploads\/2026\/05\/1-2.jpg\" alt=\"Respirons au salon du bien-\u00eatre de Rennes !\" \/>\r\n\t\t\t\t\t\t\t<\/a>\r\n\t\t<\/div>\r\n\r\n\t\t\t\t<div class=\"wppsac-post-categories\"><ul class=\"wppsac-post-categories-list\"><li><a href=\"https:\/\/radiokalon.com\/index.php\/category\/non-classe-fr\/\">Non class\u00e9<\/a><\/li><\/ul><\/div>\r\n\t\t\r\n\t\t<div class=\"wppsac-post-short-content\">\r\n\t\t\t<div class=\"wppsac-item-meta bottom\">\r\n\t\t\t  \t<h2 class=\"wppsac-post-title\">\r\n\t\t\t\t\t<a href=\"https:\/\/radiokalon.com\/index.php\/2026\/05\/07\/respirons-au-salon-du-bien-etre-de-rennes\/\">Respirons au salon du bien-\u00eatre de Rennes !<\/a>\r\n\t\t\t\t<\/h2>\r\n\r\n\t\t\t\t\t\t\t\t<div class=\"wppsac-post-date\">\r\n\t\t\t\t\t \r\n\t\t\t\t\t<span>By Antoine Joulli\u00e9<\/span>\r\n\t\t\t\t\t \/ 7 mai 2026\t\t\t\t<\/div>\r\n\t\t\t\t\t\t\t\t<div class=\"wppsac-post-content\">\r\n\t\t\t\t\t<div class=\"wppsac-sub-content\">Au salon du bien-\u00eatre \u00e0 Rennes, les r\u00e9sidents du foyer d'h\u00e9bergement\/SAVS des Gen\u00eats d'Or \u00e0 St Pol de L\u00e9on (29)...<\/div>\r\n\r\n\t\t\t\t\t\t\t\t\t\t<a class=\"wppsac-readmorebtn\" href=\"https:\/\/radiokalon.com\/index.php\/2026\/05\/07\/respirons-au-salon-du-bien-etre-de-rennes\/\">Read More<\/a>\r\n\t\t\t\t\t\t\t\t\t<\/div>\r\n\t\t\t\t\t\t\t<\/div>\r\n\t\t<\/div>\r\n\t<\/div>\r\n<\/div><div class=\"wppsac-post-slides\">\r\n\t<div class=\"wppsac-post-overlay\">\r\n\t\t<div class=\"wppsac-post-image-bg\">\r\n\t\t\t<a href=\"https:\/\/radiokalon.com\/index.php\/2025\/12\/15\/les-transmusicales-de-rennes\/\">\r\n\t\t\t\t\t\t\t\t<img decoding=\"async\" class=\"wppsac-post-image\"  src=\"https:\/\/radiokalon.com\/wp-content\/uploads\/2025\/12\/1-9.jpg\" alt=\"Radio KALON aux TRANSMUSICALES de Rennes !\" \/>\r\n\t\t\t\t\t\t\t<\/a>\r\n\t\t<\/div>\r\n\r\n\t\t\t\t<div class=\"wppsac-post-categories\"><ul class=\"wppsac-post-categories-list\"><li><a href=\"https:\/\/radiokalon.com\/index.php\/category\/non-classe-fr\/\">Non class\u00e9<\/a><\/li><\/ul><\/div>\r\n\t\t\r\n\t\t<div class=\"wppsac-post-short-content\">\r\n\t\t\t<div class=\"wppsac-item-meta bottom\">\r\n\t\t\t  \t<h2 class=\"wppsac-post-title\">\r\n\t\t\t\t\t<a href=\"https:\/\/radiokalon.com\/index.php\/2025\/12\/15\/les-transmusicales-de-rennes\/\">Radio KALON aux TRANSMUSICALES de Rennes !<\/a>\r\n\t\t\t\t<\/h2>\r\n\r\n\t\t\t\t\t\t\t\t<div class=\"wppsac-post-date\">\r\n\t\t\t\t\t \r\n\t\t\t\t\t<span>By Antoine Joulli\u00e9<\/span>\r\n\t\t\t\t\t \/ 15 d\u00e9cembre 2025\t\t\t\t<\/div>\r\n\t\t\t\t\t\t\t\t<div class=\"wppsac-post-content\">\r\n\t\t\t\t\t<div class=\"wppsac-sub-content\">C'\u00e9tait la 47\u00e8me \u00e9dition du Festival des Transmusicales \u00e0 Rennes, d\u00e9di\u00e9e \u00e0 C\u00e9l\u00e9l\u00e9, lumineuse artiste (dont les djs sets ont...<\/div>\r\n\r\n\t\t\t\t\t\t\t\t\t\t<a class=\"wppsac-readmorebtn\" href=\"https:\/\/radiokalon.com\/index.php\/2025\/12\/15\/les-transmusicales-de-rennes\/\">Read More<\/a>\r\n\t\t\t\t\t\t\t\t\t<\/div>\r\n\t\t\t\t\t\t\t<\/div>\r\n\t\t<\/div>\r\n\t<\/div>\r\n<\/div><div class=\"wppsac-post-slides\">\r\n\t<div class=\"wppsac-post-overlay\">\r\n\t\t<div class=\"wppsac-post-image-bg\">\r\n\t\t\t<a href=\"https:\/\/radiokalon.com\/index.php\/2025\/12\/02\/radio-kalon-au-forum-emploi-et-handicap\/\">\r\n\t\t\t\t\t\t\t\t<img decoding=\"async\" class=\"wppsac-post-image\"  src=\"https:\/\/radiokalon.com\/wp-content\/uploads\/2025\/12\/1-7.jpg\" alt=\"Radio KALON au Forum emploi et handicap !\" \/>\r\n\t\t\t\t\t\t\t<\/a>\r\n\t\t<\/div>\r\n\r\n\t\t\t\t<div class=\"wppsac-post-categories\"><ul class=\"wppsac-post-categories-list\"><li><a href=\"https:\/\/radiokalon.com\/index.php\/category\/non-classe-fr\/\">Non class\u00e9<\/a><\/li><\/ul><\/div>\r\n\t\t\r\n\t\t<div class=\"wppsac-post-short-content\">\r\n\t\t\t<div class=\"wppsac-item-meta bottom\">\r\n\t\t\t  \t<h2 class=\"wppsac-post-title\">\r\n\t\t\t\t\t<a href=\"https:\/\/radiokalon.com\/index.php\/2025\/12\/02\/radio-kalon-au-forum-emploi-et-handicap\/\">Radio KALON au Forum emploi et handicap !<\/a>\r\n\t\t\t\t<\/h2>\r\n\r\n\t\t\t\t\t\t\t\t<div class=\"wppsac-post-date\">\r\n\t\t\t\t\t \r\n\t\t\t\t\t<span>By Antoine Joulli\u00e9<\/span>\r\n\t\t\t\t\t \/ 2 d\u00e9cembre 2025\t\t\t\t<\/div>\r\n\t\t\t\t\t\t\t\t<div class=\"wppsac-post-content\">\r\n\t\t\t\t\t<div class=\"wppsac-sub-content\">Le Forum Emploi et Handicap au Palais des Arts de Vannes organis\u00e9 par @CAP EMPLOI ! Avec Dylan, Alpha, Melvin...<\/div>\r\n\r\n\t\t\t\t\t\t\t\t\t\t<a class=\"wppsac-readmorebtn\" href=\"https:\/\/radiokalon.com\/index.php\/2025\/12\/02\/radio-kalon-au-forum-emploi-et-handicap\/\">Read More<\/a>\r\n\t\t\t\t\t\t\t\t\t<\/div>\r\n\t\t\t\t\t\t\t<\/div>\r\n\t\t<\/div>\r\n\t<\/div>\r\n<\/div><div class=\"wppsac-post-slides\">\r\n\t<div class=\"wppsac-post-overlay\">\r\n\t\t<div class=\"wppsac-post-image-bg\">\r\n\t\t\t<a href=\"https:\/\/radiokalon.com\/index.php\/2025\/12\/01\/radio-kalon-a-la-soiree-de-loutre-mer\/\">\r\n\t\t\t\t\t\t\t\t<img decoding=\"async\" class=\"wppsac-post-image\"  src=\"https:\/\/radiokalon.com\/wp-content\/uploads\/2025\/12\/7-2.jpg\" alt=\"Radio KALON \u00e0 la soir\u00e9e de l&#8217;Outre Mer !\" \/>\r\n\t\t\t\t\t\t\t<\/a>\r\n\t\t<\/div>\r\n\r\n\t\t\t\t<div class=\"wppsac-post-categories\"><ul class=\"wppsac-post-categories-list\"><li><a href=\"https:\/\/radiokalon.com\/index.php\/category\/non-classe-fr\/\">Non class\u00e9<\/a><\/li><\/ul><\/div>\r\n\t\t\r\n\t\t<div class=\"wppsac-post-short-content\">\r\n\t\t\t<div class=\"wppsac-item-meta bottom\">\r\n\t\t\t  \t<h2 class=\"wppsac-post-title\">\r\n\t\t\t\t\t<a href=\"https:\/\/radiokalon.com\/index.php\/2025\/12\/01\/radio-kalon-a-la-soiree-de-loutre-mer\/\">Radio KALON \u00e0 la soir\u00e9e de l&#8217;Outre Mer !<\/a>\r\n\t\t\t\t<\/h2>\r\n\r\n\t\t\t\t\t\t\t\t<div class=\"wppsac-post-date\">\r\n\t\t\t\t\t \r\n\t\t\t\t\t<span>By Antoine Joulli\u00e9<\/span>\r\n\t\t\t\t\t \/ 1 d\u00e9cembre 2025\t\t\t\t<\/div>\r\n\t\t\t\t\t\t\t\t<div class=\"wppsac-post-content\">\r\n\t\t\t\t\t<div class=\"wppsac-sub-content\">Radio KALON \u00e0 la soir\u00e9e de l'OUTRE MER de Berric ! Les cultures d'Outre Mer (dont les gastronomies et les...<\/div>\r\n\r\n\t\t\t\t\t\t\t\t\t\t<a class=\"wppsac-readmorebtn\" href=\"https:\/\/radiokalon.com\/index.php\/2025\/12\/01\/radio-kalon-a-la-soiree-de-loutre-mer\/\">Read More<\/a>\r\n\t\t\t\t\t\t\t\t\t<\/div>\r\n\t\t\t\t\t\t\t<\/div>\r\n\t\t<\/div>\r\n\t<\/div>\r\n<\/div><div class=\"wppsac-post-slides\">\r\n\t<div class=\"wppsac-post-overlay\">\r\n\t\t<div class=\"wppsac-post-image-bg\">\r\n\t\t\t<a href=\"https:\/\/radiokalon.com\/index.php\/2025\/12\/01\/le-chant-a-lhonneur-au-ccas-de-sene\/\">\r\n\t\t\t\t\t\t\t\t<img decoding=\"async\" class=\"wppsac-post-image\"  src=\"https:\/\/radiokalon.com\/wp-content\/uploads\/2025\/12\/1-5.jpg\" alt=\"Le Chant \u00e0 l&#8217;honneur au CCAS de S\u00e9n\u00e9 !\" \/>\r\n\t\t\t\t\t\t\t<\/a>\r\n\t\t<\/div>\r\n\r\n\t\t\t\t<div class=\"wppsac-post-categories\"><ul class=\"wppsac-post-categories-list\"><li><a href=\"https:\/\/radiokalon.com\/index.php\/category\/non-classe-fr\/\">Non class\u00e9<\/a><\/li><\/ul><\/div>\r\n\t\t\r\n\t\t<div class=\"wppsac-post-short-content\">\r\n\t\t\t<div class=\"wppsac-item-meta bottom\">\r\n\t\t\t  \t<h2 class=\"wppsac-post-title\">\r\n\t\t\t\t\t<a href=\"https:\/\/radiokalon.com\/index.php\/2025\/12\/01\/le-chant-a-lhonneur-au-ccas-de-sene\/\">Le Chant \u00e0 l&#8217;honneur au CCAS de S\u00e9n\u00e9 !<\/a>\r\n\t\t\t\t<\/h2>\r\n\r\n\t\t\t\t\t\t\t\t<div class=\"wppsac-post-date\">\r\n\t\t\t\t\t \r\n\t\t\t\t\t<span>By Antoine Joulli\u00e9<\/span>\r\n\t\t\t\t\t \/ 1 d\u00e9cembre 2025\t\t\t\t<\/div>\r\n\t\t\t\t\t\t\t\t<div class=\"wppsac-post-content\">\r\n\t\t\t\t\t<div class=\"wppsac-sub-content\">Les seniors du CCAS de S\u00e9n\u00e9 font entendre leur voix sur Radio KALON ! (\u00e9mission en partenariat avec la Fondation...<\/div>\r\n\r\n\t\t\t\t\t\t\t\t\t\t<a class=\"wppsac-readmorebtn\" href=\"https:\/\/radiokalon.com\/index.php\/2025\/12\/01\/le-chant-a-lhonneur-au-ccas-de-sene\/\">Read More<\/a>\r\n\t\t\t\t\t\t\t\t\t<\/div>\r\n\t\t\t\t\t\t\t<\/div>\r\n\t\t<\/div>\r\n\t<\/div>\r\n<\/div><div class=\"wppsac-post-slides\">\r\n\t<div class=\"wppsac-post-overlay\">\r\n\t\t<div class=\"wppsac-post-image-bg\">\r\n\t\t\t<a href=\"https:\/\/radiokalon.com\/index.php\/2025\/12\/01\/le-cleas-aux-transmusicales-a-lechonova-de-st-ave\/\">\r\n\t\t\t\t\t\t\t\t<img decoding=\"async\" class=\"wppsac-post-image\"  src=\"https:\/\/radiokalon.com\/wp-content\/uploads\/2025\/12\/1-1.jpg\" alt=\"Le CLEAS aux Transmusicales \u00e0 l&#8217;Echonova !\" \/>\r\n\t\t\t\t\t\t\t<\/a>\r\n\t\t<\/div>\r\n\r\n\t\t\t\t<div class=\"wppsac-post-categories\"><ul class=\"wppsac-post-categories-list\"><li><a href=\"https:\/\/radiokalon.com\/index.php\/category\/non-classe-fr\/\">Non class\u00e9<\/a><\/li><\/ul><\/div>\r\n\t\t\r\n\t\t<div class=\"wppsac-post-short-content\">\r\n\t\t\t<div class=\"wppsac-item-meta bottom\">\r\n\t\t\t  \t<h2 class=\"wppsac-post-title\">\r\n\t\t\t\t\t<a href=\"https:\/\/radiokalon.com\/index.php\/2025\/12\/01\/le-cleas-aux-transmusicales-a-lechonova-de-st-ave\/\">Le CLEAS aux Transmusicales \u00e0 l&#8217;Echonova !<\/a>\r\n\t\t\t\t<\/h2>\r\n\r\n\t\t\t\t\t\t\t\t<div class=\"wppsac-post-date\">\r\n\t\t\t\t\t \r\n\t\t\t\t\t<span>By Antoine Joulli\u00e9<\/span>\r\n\t\t\t\t\t \/ 1 d\u00e9cembre 2025\t\t\t\t<\/div>\r\n\t\t\t\t\t\t\t\t<div class=\"wppsac-post-content\">\r\n\t\t\t\t\t<div class=\"wppsac-sub-content\">Reprise des \u00e9missions du @CLEAS (Centre de Langues et d'Action Sociale) cette fois-ci avec l'antenne d'Auray \u00e0 L'ECHONOVA ! Avec...<\/div>\r\n\r\n\t\t\t\t\t\t\t\t\t\t<a class=\"wppsac-readmorebtn\" href=\"https:\/\/radiokalon.com\/index.php\/2025\/12\/01\/le-cleas-aux-transmusicales-a-lechonova-de-st-ave\/\">Read More<\/a>\r\n\t\t\t\t\t\t\t\t\t<\/div>\r\n\t\t\t\t\t\t\t<\/div>\r\n\t\t<\/div>\r\n\t<\/div>\r\n<\/div><div class=\"wppsac-post-slides\">\r\n\t<div class=\"wppsac-post-overlay\">\r\n\t\t<div class=\"wppsac-post-image-bg\">\r\n\t\t\t<a href=\"https:\/\/radiokalon.com\/index.php\/2025\/10\/21\/explorons-toutes-les-formes-dintelligence-au-dela-des-frontieres-humaines\/\">\r\n\t\t\t\t\t\t\t\t<img decoding=\"async\" class=\"wppsac-post-image\"  src=\"https:\/\/radiokalon.com\/wp-content\/uploads\/2025\/10\/1-3.jpg\" alt=\"Explorons toutes les formes d&#8217;intelligence au-del\u00e0 des fronti\u00e8res humaines !\" \/>\r\n\t\t\t\t\t\t\t<\/a>\r\n\t\t<\/div>\r\n\r\n\t\t\t\t<div class=\"wppsac-post-categories\"><ul class=\"wppsac-post-categories-list\"><li><a href=\"https:\/\/radiokalon.com\/index.php\/category\/non-classe-fr\/\">Non class\u00e9<\/a><\/li><\/ul><\/div>\r\n\t\t\r\n\t\t<div class=\"wppsac-post-short-content\">\r\n\t\t\t<div class=\"wppsac-item-meta bottom\">\r\n\t\t\t  \t<h2 class=\"wppsac-post-title\">\r\n\t\t\t\t\t<a href=\"https:\/\/radiokalon.com\/index.php\/2025\/10\/21\/explorons-toutes-les-formes-dintelligence-au-dela-des-frontieres-humaines\/\">Explorons toutes les formes d&#8217;intelligence au-del\u00e0 des fronti\u00e8res humaines !<\/a>\r\n\t\t\t\t<\/h2>\r\n\r\n\t\t\t\t\t\t\t\t<div class=\"wppsac-post-date\">\r\n\t\t\t\t\t \r\n\t\t\t\t\t<span>By Antoine Joulli\u00e9<\/span>\r\n\t\t\t\t\t \/ 21 octobre 2025\t\t\t\t<\/div>\r\n\t\t\t\t\t\t\t\t<div class=\"wppsac-post-content\">\r\n\t\t\t\t\t<div class=\"wppsac-sub-content\">Explorons toutes les formes d'intelligence au-d\u00e9l\u00e0 des fronti\u00e8res humaines - C'est le lancement de la 34\u00e8me \u00e9dition de la F\u00eate...<\/div>\r\n\r\n\t\t\t\t\t\t\t\t\t\t<a class=\"wppsac-readmorebtn\" href=\"https:\/\/radiokalon.com\/index.php\/2025\/10\/21\/explorons-toutes-les-formes-dintelligence-au-dela-des-frontieres-humaines\/\">Read More<\/a>\r\n\t\t\t\t\t\t\t\t\t<\/div>\r\n\t\t\t\t\t\t\t<\/div>\r\n\t\t<\/div>\r\n\t<\/div>\r\n<\/div>\t\t\t<\/div>\r\n\t\t<\/div>\r\n\t\n\n\n\n<p><\/p>\n","protected":false},"excerpt":{"rendered":"","protected":false},"author":1,"featured_media":0,"parent":0,"menu_order":0,"comment_status":"closed","ping_status":"closed","template":"","meta":{"footnotes":""},"class_list":["post-8","page","type-page","status-publish","hentry"],"_links":{"self":[{"href":"https:\/\/radiokalon.com\/index.php\/wp-json\/wp\/v2\/pages\/8","targetHints":{"allow":["GET"]}}],"collection":[{"href":"https:\/\/radiokalon.com\/index.php\/wp-json\/wp\/v2\/pages"}],"about":[{"href":"https:\/\/radiokalon.com\/index.php\/wp-json\/wp\/v2\/types\/page"}],"author":[{"embeddable":true,"href":"https:\/\/radiokalon.com\/index.php\/wp-json\/wp\/v2\/users\/1"}],"replies":[{"embeddable":true,"href":"https:\/\/radiokalon.com\/index.php\/wp-json\/wp\/v2\/comments?post=8"}],"version-history":[{"count":33,"href":"https:\/\/radiokalon.com\/index.php\/wp-json\/wp\/v2\/pages\/8\/revisions"}],"predecessor-version":[{"id":328,"href":"https:\/\/radiokalon.com\/index.php\/wp-json\/wp\/v2\/pages\/8\/revisions\/328"}],"wp:attachment":[{"href":"https:\/\/radiokalon.com\/index.php\/wp-json\/wp\/v2\/media?parent=8"}],"curies":[{"name":"wp","href":"https:\/\/api.w.org\/{rel}","templated":true}]}}